{"id":22,"date":"2016-12-13T21:57:23","date_gmt":"2016-12-13T21:57:23","guid":{"rendered":"http:\/\/gilazoia.com\/pt\/?page_id=22"},"modified":"2024-01-16T12:29:24","modified_gmt":"2024-01-16T12:29:24","slug":"inicio","status":"publish","type":"page","link":"https:\/\/gilazoia.com\/pt\/","title":{"rendered":"In\u00edcio"},"content":{"rendered":"<div id=\"pl-22\"  class=\"panel-layout\" ><div id=\"pg-22-0\"  class=\"panel-grid panel-no-style\" ><div id=\"pgc-22-0-0\"  class=\"panel-grid-cell\" ><div id=\"panel-22-0-0-0\" class=\"so-panel widget widget_sow-editor panel-first-child panel-last-child\" data-index=\"0\" ><div\n\t\t\t\n\t\t\tclass=\"so-widget-sow-editor so-widget-sow-editor-base\"\n\t\t\t\n\t\t>\n<div class=\"siteorigin-widget-tinymce textwidget\">\n\t<div><\/div>\n<\/div>\n<\/div><\/div><\/div><\/div><div id=\"pg-22-1\"  class=\"panel-grid panel-has-style\" ><div class=\"siteorigin-panels-stretch panel-row-style panel-row-style-for-22-1\" data-stretch-type=\"full-width-stretch\" ><div id=\"pgc-22-1-0\"  class=\"panel-grid-cell\" ><div id=\"panel-22-1-0-0\" class=\"so-panel widget widget_sow-features panel-first-child panel-last-child\" data-index=\"1\" ><div class=\"panel-widget-style panel-widget-style-for-22-1-0-0\" ><div\n\t\t\t\n\t\t\tclass=\"so-widget-sow-features so-widget-sow-features-default-dafc3548cf1c-22\"\n\t\t\t\n\t\t>\n<div class=\"sow-features-list \nsow-features-responsive\">\n\n\t\t\t\t\t\t\t\t\t<div\n\t\t\t\tclass=\"sow-features-feature sow-icon-container-position-top\"\n\t\t\t\tstyle=\"display: flex; flex-direction: column; width: calc(33.333% - 25px);\"\n\t\t\t>\n\t\t\t\n\t\t\t\t\t\t\t\t<div\n\t\t\t\t\tclass=\"sow-icon-container sow-container-none\"\n\t\t\t\t\tstyle=\"color: #fafafa; \"\n\t\t\t\t\t\t\t\t\t>\n\t\t\t\t\t<span class=\"sow-icon-icomoon\" data-sow-icon=\"&#xe901;\"\n\t\tstyle=\"font-size: 48px; color: #ec2809\" \n\t\taria-hidden=\"true\"><\/span>\t\t\t\t<\/div>\n\t\t\t\t\n\t\t\t\t<div class=\"textwidget\">\n\t\t\t\t\t\n\t\t\t\t\t\t\t\t\t\t\t<h5 class=\"sow-features-feature-title\">\n\t\t\t\t\t\t\t\n\t\t\t\t\t\t\tRemodela\u00e7\u00f5es\t\t\t\t\t\t\t\t\t\t\t\t\t<\/h5>\n\t\t\t\t\t\n\t\t\t\t\t\t\t\t\t\t\t<div class=\"sow-features-feature-text\">\n\t\t\t\t\t\tV\u00e1rias equipas compostas por profissionais devidamente certificados das diversas \u00e1reas: Carpintaria; Serralharia; Gesso cartonado; Revestimentos; Cantarias; Pinturas; Instala\u00e7\u00f5es el\u00e9tricas e ITED; Instala\u00e7\u00f5es de AVAC; Instala\u00e7\u00f5es de \u00e1guas, esgotos e g\u00e1s.\t\t\t\t\t\t<\/div>\n\t\t\t\t\t\n\t\t\t\t\t\t\t\t\t<\/div>\n\t\t\t\t\t\t\t\t\n\t\t\t\t\t\t\t<\/div>\n\n\t\t\t\t\t\t\t\t<div\n\t\t\t\tclass=\"sow-features-feature sow-icon-container-position-top\"\n\t\t\t\tstyle=\"display: flex; flex-direction: column; width: calc(33.333% - 25px);\"\n\t\t\t>\n\t\t\t\n\t\t\t\t\t\t\t\t<div\n\t\t\t\t\tclass=\"sow-icon-container sow-container-none\"\n\t\t\t\t\tstyle=\"color: #fafafa; \"\n\t\t\t\t\t\t\t\t\t>\n\t\t\t\t\t<span class=\"sow-icon-icomoon\" data-sow-icon=\"&#xe90c;\"\n\t\tstyle=\"font-size: 48px; color: #ec2809\" \n\t\taria-hidden=\"true\"><\/span>\t\t\t\t<\/div>\n\t\t\t\t\n\t\t\t\t<div class=\"textwidget\">\n\t\t\t\t\t\n\t\t\t\t\t\t\t\t\t\t\t<h5 class=\"sow-features-feature-title\">\n\t\t\t\t\t\t\t\n\t\t\t\t\t\t\tPintura e Estuque\t\t\t\t\t\t\t\t\t\t\t\t\t<\/h5>\n\t\t\t\t\t\n\t\t\t\t\t\t\t\t\t\t\t<div class=\"sow-features-feature-text\">\n\t\t\t\t\t\tEquipa de profissionais experientes em pinturas interiores e exteriores. Ajudamos a encontrar a melhor solu\u00e7\u00e3o de remodela\u00e7\u00e3o da sua casa, empresa ou loja.\t\t\t\t\t\t<\/div>\n\t\t\t\t\t\n\t\t\t\t\t\t\t\t\t<\/div>\n\t\t\t\t\t\t\t\t\n\t\t\t\t\t\t\t<\/div>\n\n\t\t\t\t\t\t\t\t<div\n\t\t\t\tclass=\"sow-features-feature sow-icon-container-position-top\"\n\t\t\t\tstyle=\"display: flex; flex-direction: column; width: calc(33.333% - 25px);\"\n\t\t\t>\n\t\t\t\n\t\t\t\t\t\t\t\t<div\n\t\t\t\t\tclass=\"sow-icon-container sow-container-none\"\n\t\t\t\t\tstyle=\"color: #fafafa; \"\n\t\t\t\t\t\t\t\t\t>\n\t\t\t\t\t<span class=\"sow-icon-icomoon\" data-sow-icon=\"&#xe903;\"\n\t\tstyle=\"font-size: 48px; color: #ec2809\" \n\t\taria-hidden=\"true\"><\/span>\t\t\t\t<\/div>\n\t\t\t\t\n\t\t\t\t<div class=\"textwidget\">\n\t\t\t\t\t\n\t\t\t\t\t\t\t\t\t\t\t<h5 class=\"sow-features-feature-title\">\n\t\t\t\t\t\t\t\n\t\t\t\t\t\t\tConstru\u00e7\u00e3o Civil\t\t\t\t\t\t\t\t\t\t\t\t\t<\/h5>\n\t\t\t\t\t\n\t\t\t\t\t\t\t\t\t\t\t<div class=\"sow-features-feature-text\">\n\t\t\t\t\t\tJ\u00e1 com uma vasta experi\u00eancia na constru\u00e7\u00e3o, amplia\u00e7\u00e3o e remodela\u00e7\u00e3o de moradias, apartamentos, lojas, escolas, cl\u00ednicas, entre outros. Temos ao seu dispor uma equipa de profissionais das diversas \u00e1reas da constru\u00e7\u00e3o.\t\t\t\t\t\t<\/div>\n\t\t\t\t\t\n\t\t\t\t\t\t\t\t\t<\/div>\n\t\t\t\t\t\t\t\t\n\t\t\t\t\t\t\t<\/div>\n\n\t\t\t\n<\/div>\n<\/div><\/div><\/div><\/div><\/div><\/div><div id=\"pg-22-2\"  class=\"panel-grid panel-has-style\" ><div class=\"panel-row-style panel-row-style-for-22-2\" ><div id=\"pgc-22-2-0\"  class=\"panel-grid-cell\" ><div id=\"panel-22-2-0-0\" class=\"so-panel widget widget_sow-image panel-first-child panel-last-child\" data-index=\"2\" ><div\n\t\t\t\n\t\t\tclass=\"so-widget-sow-image so-widget-sow-image-default-c67d20f9f743-22\"\n\t\t\t\n\t\t>\n<div class=\"sow-image-container\">\n\t\t<img \n\tsrc=\"https:\/\/gilazoia.com\/pt\/wp-content\/uploads\/2016\/12\/gilazoia_logo.png\" width=\"194\" height=\"90\" sizes=\"(max-width: 194px) 100vw, 194px\" alt=\"gilazoia logo\" \t\tclass=\"so-widget-image\"\/>\n\t<\/div>\n\n<\/div><\/div><\/div><div id=\"pgc-22-2-1\"  class=\"panel-grid-cell\" ><div id=\"panel-22-2-1-0\" class=\"so-panel widget widget_sow-editor panel-first-child panel-last-child\" data-index=\"3\" ><div\n\t\t\t\n\t\t\tclass=\"so-widget-sow-editor so-widget-sow-editor-base\"\n\t\t\t\n\t\t>\n<div class=\"siteorigin-widget-tinymce textwidget\">\n\t<p style=\"text-align: justify;\">Bem-vindo!<br \/>Obrigado pela sua visita ao nosso site! Neste espa\u00e7o pretendemos dar a conhecer a nossa empresa. <br \/>A\u00a0nossa experi\u00eancia permite-nos a presta\u00e7\u00e3o de servi\u00e7os de pintura e estuques, coloca\u00e7\u00e3o de vidros, com\u00e9rcio de materiais de constru\u00e7\u00e3o e constru\u00e7\u00e3o de edif\u00edcios incluindo a remodela\u00e7\u00e3o de interiores e a reabilita\u00e7\u00e3o de fachadas.<\/p>\n<\/div>\n<\/div><\/div><\/div><\/div><\/div><div id=\"pg-22-3\"  class=\"panel-grid panel-has-style\" ><div class=\"siteorigin-panels-stretch panel-row-style panel-row-style-for-22-3\" data-stretch-type=\"full\" ><div id=\"pgc-22-3-0\"  class=\"panel-grid-cell\" ><div id=\"panel-22-3-0-0\" class=\"so-panel widget widget_sow-headline panel-first-child panel-last-child\" data-index=\"4\" ><div\n\t\t\t\n\t\t\tclass=\"so-widget-sow-headline so-widget-sow-headline-default-0a683454aa74-22\"\n\t\t\t\n\t\t><div class=\"sow-headline-container \">\n\t\t\t\t\t\t\t<h1 class=\"sow-headline\">\n\t\t\t\t\t\tQUEM SOMOS\t\t\t\t\t\t<\/h1>\n\t\t\t\t\t\t\t\t\t\t\t<div class=\"decoration\">\n\t\t\t\t\t\t<div class=\"decoration-inside\"><\/div>\n\t\t\t\t\t<\/div>\n\t\t\t\t\t<\/div>\n<\/div><\/div><\/div><\/div><\/div><div id=\"pg-22-4\"  class=\"panel-grid panel-has-style\" ><div class=\"siteorigin-panels-stretch panel-row-style panel-row-style-for-22-4\" data-stretch-type=\"full\" ><div id=\"pgc-22-4-0\"  class=\"panel-grid-cell\" ><div id=\"panel-22-4-0-0\" class=\"so-panel widget widget_sow-editor panel-first-child\" data-index=\"5\" ><div\n\t\t\t\n\t\t\tclass=\"so-widget-sow-editor so-widget-sow-editor-base\"\n\t\t\t\n\t\t>\n<div class=\"siteorigin-widget-tinymce textwidget\">\n\t<p style=\"text-align: justify;\">A empresa <strong>Gil Azoia \u2013 Constru\u00e7\u00f5es, Lda<\/strong> com sede em Ardido, freguesia de Turquel, concelho\u00a0de Alcoba\u00e7a iniciou a sua atividade em 2008.<\/p>\n<p style=\"text-align: justify;\">Sendo uma empresa recente tem como s\u00f3cio o <strong>Sr. Gil Manuel Azoia Silva<\/strong> com <strong>mais de 25\u00a0anos de experi\u00eancia e trabalho na constru\u00e7\u00e3o civil<\/strong>.<\/p>\n<p style=\"text-align: justify;\">A <strong>Gil Azoia - Constru\u00e7\u00f5es, Lda<\/strong> dedica-se \u00e0 presta\u00e7\u00e3o de servi\u00e7os de constru\u00e7\u00e3o civil tendo\u00a0grande experi\u00eancia na remodela\u00e7\u00e3o de interiores e na reabilita\u00e7\u00e3o de fachadas. A nossa zona de incid\u00eancia \u00e9 maioritariamente na zona de Lisboa ainda que estejamos com obras em v\u00e1rios\u00a0pontos do pa\u00eds.<\/p>\n<p style=\"text-align: justify;\">Iniciamos a nossa atividade na \u00e1rea da pintura de constru\u00e7\u00e3o civil tendo, ao longo dos anos,\u00a0realizado investimento em equipamento e m\u00e1quinas, assim como contratando pessoal com\u00a0experi\u00eancia e know how. Alargamos a nossa \u00e1rea de interven\u00e7\u00e3o \u00e0 reabilita\u00e7\u00e3o de coberturas e\u00a0fachadas, remodela\u00e7\u00e3o de interiores avan\u00e7ando progressivamente para a constru\u00e7\u00e3o\/amplia\u00e7\u00e3o\u00a0de v\u00e1rias moradias incluindo algumas obras p\u00fablicas.<\/p>\n<p style=\"text-align: justify;\">A constru\u00e7\u00e3o representa neste momento a maior fatia do nosso volume de neg\u00f3cios.<\/p>\n<p style=\"text-align: justify;\">A <strong>Gil Azoia, Lda<\/strong> \u00e9 certificada por:<\/p>\n<ul>\n<li style=\"text-align: justify;\"><strong>INCI<\/strong> (Instituto da Constru\u00e7\u00e3o e do Imobili\u00e1rio) com o\u00a0<strong>Alvar\u00e1 de Constru\u00e7\u00e3o n\u00ba 60962<\/strong>.<\/li>\n<li style=\"text-align: justify;\"><strong>IAPMEI<\/strong> (Instituto de Apoio \u00e0s Pequenas e M\u00e9dias Empresas e \u00e0 Inova\u00e7\u00e3o) como <strong>\u201cPequena empresa\".<\/strong><\/li>\n<li style=\"text-align: justify;\"><strong>ARICOP<\/strong> (Associa\u00e7\u00e3o Regional dos Industriais de Constru\u00e7\u00e3o e Obras P\u00fablicas de Leiria) <strong>associado n\u00ba 1564<\/strong>.<\/li>\n<\/ul>\n<\/div>\n<\/div><\/div><div id=\"panel-22-4-0-1\" class=\"so-panel widget widget_sow-button panel-last-child\" data-index=\"6\" ><div\n\t\t\t\n\t\t\tclass=\"so-widget-sow-button so-widget-sow-button-atom-e563ae1fc697-22\"\n\t\t\t\n\t\t><div class=\"ow-button-base ow-button-align-center\"\n>\n\t\t\t<a\n\t\t\t\t\thref=\"https:\/\/gilazoia.com\/pt\/contactos\/\"\n\t\t\t\t\tclass=\"sowb-button ow-icon-placement-left ow-button-hover\" \t>\n\t\t<span>\n\t\t\t<span class=\"sow-icon-fontawesome sow-fas\" data-sow-icon=\"&#xf095;\"\n\t\tstyle=\"color: #ffffff\" \n\t\taria-hidden=\"true\"><\/span>\n\t\t\tConsulte-nos\t\t<\/span>\n\t\t\t<\/a>\n\t<\/div>\n<\/div><\/div><\/div><div id=\"pgc-22-4-1\"  class=\"panel-grid-cell\" ><div id=\"panel-22-4-1-0\" class=\"so-panel widget widget_sow-editor panel-first-child panel-last-child\" data-index=\"7\" ><div\n\t\t\t\n\t\t\tclass=\"so-widget-sow-editor so-widget-sow-editor-base\"\n\t\t\t\n\t\t>\n<div class=\"siteorigin-widget-tinymce textwidget\">\n\t<p style=\"text-align: center;\"><strong><a href=\"https:\/\/gilazoia.com\/pt\/wp-content\/uploads\/Curriculum-Vitae-2024.pdf\" target=\"_blank\" rel=\"noopener\"><img loading=\"lazy\" decoding=\"async\" class=\"aligncenter wp-image-212 size-medium\" src=\"http:\/\/gilazoia.com\/pt\/wp-content\/uploads\/cv-242x350.png\" width=\"242\" height=\"350\" srcset=\"https:\/\/gilazoia.com\/pt\/wp-content\/uploads\/cv-242x350.png 242w, https:\/\/gilazoia.com\/pt\/wp-content\/uploads\/cv.png 443w\" sizes=\"auto, (max-width: 242px) 100vw, 242px\" \/><\/a><br \/>\n<\/strong><\/p>\n<\/div>\n<\/div><\/div><\/div><\/div><\/div><div id=\"pg-22-5\"  class=\"panel-grid panel-has-style\" ><div class=\"panel-row-style panel-row-style-for-22-5\" ><div id=\"pgc-22-5-0\"  class=\"panel-grid-cell\" ><div id=\"panel-22-5-0-0\" class=\"so-panel widget widget_sow-editor panel-first-child panel-last-child\" data-index=\"8\" ><div\n\t\t\t\n\t\t\tclass=\"so-widget-sow-editor so-widget-sow-editor-base\"\n\t\t\t\n\t\t>\n<div class=\"siteorigin-widget-tinymce textwidget\">\n\t<p>Em caso de lit\u00edgio o consumidor pode recorrer a uma Entidade de Resolu\u00e7\u00e3o Alternativa de Lit\u00edgios de consumo:<\/p>\n<p style=\"text-align: center;\"><span style=\"font-size: 8pt;\"><strong>CNIACC - Centro Nacional de Informa\u00e7\u00e3o e Arbitragem de Conflitos de Consumo<\/strong><\/span><br \/><span style=\"font-size: 8pt;\"> Faculdade de Direito da Universidade Nova de Lisboa - \u00a0Campus de Campolide -\u00a01099-032 Lisboa<\/span><br \/><span style=\"font-size: 8pt;\"> Tel. 213 847 484 \u00a0 - \u00a0\u00a0E-mail: <a href=\"mailto:cniacc@unl.pt\">cniacc@unl.pt<\/a>\u00a0 \u00a0- \u00a0 URL:\u00a0<a href=\"http:\/\/www.arbitragemdeconsumo.org\">http:\/\/www.arbitragemdeconsumo.org<\/a><\/span><\/p>\n<p style=\"text-align: left;\">Mais informa\u00e7\u00f5es em Portal do Consumidor www.consumidor.pt.<\/p>\n<\/div>\n<\/div><\/div><\/div><div id=\"pgc-22-5-1\"  class=\"panel-grid-cell\" ><div id=\"panel-22-5-1-0\" class=\"so-panel widget widget_sow-image panel-first-child panel-last-child\" data-index=\"9\" ><div class=\"panel-widget-style panel-widget-style-for-22-5-1-0\" ><div\n\t\t\t\n\t\t\tclass=\"so-widget-sow-image so-widget-sow-image-default-c67d20f9f743-22\"\n\t\t\t\n\t\t>\n<div class=\"sow-image-container\">\n\t\t\t<a href=\"http:\/\/www.arbitragemdeconsumo.org\/\"\n\t\t\ttarget=\"_blank\" rel=\"noopener noreferrer\" \t\t>\n\t\t\t<img \n\tsrc=\"https:\/\/gilazoia.com\/pt\/wp-content\/uploads\/CNIACC.png\" width=\"750\" height=\"250\" srcset=\"https:\/\/gilazoia.com\/pt\/wp-content\/uploads\/CNIACC.png 750w, https:\/\/gilazoia.com\/pt\/wp-content\/uploads\/CNIACC-350x117.png 350w\" sizes=\"(max-width: 750px) 100vw, 750px\" alt=\"CNIACC\" \t\tclass=\"so-widget-image\"\/>\n\t\t\t<\/a><\/div>\n\n<\/div><\/div><\/div><\/div><\/div><\/div><\/div>","protected":false},"excerpt":{"rendered":"<p>Remodela\u00e7\u00f5es V\u00e1rias equipas compostas por profissionais devidamente certificados das diversas \u00e1reas: Carpintaria; Serralharia; Gesso cartonado; Revestimentos; Cantarias; Pinturas; Instala\u00e7\u00f5es el\u00e9tricas e ITED; Instala\u00e7\u00f5es de AVAC; Instala\u00e7\u00f5es de \u00e1guas, esgotos e g\u00e1s. Pintura e Estuque Equipa de profissionais experientes em pinturas interiores e exteriores. Ajudamos a encontrar a melhor solu\u00e7\u00e3o de remodela\u00e7\u00e3o da sua casa, empresa [&hellip;]<\/p>\n","protected":false},"author":1,"featured_media":0,"parent":0,"menu_order":0,"comment_status":"closed","ping_status":"closed","template":"home-panels.php","meta":{"_exactmetrics_skip_tracking":false,"_exactmetrics_sitenote_active":false,"_exactmetrics_sitenote_note":"","_exactmetrics_sitenote_category":0,"footnotes":""},"class_list":["post-22","page","type-page","status-publish","hentry","post"],"_links":{"self":[{"href":"https:\/\/gilazoia.com\/pt\/wp-json\/wp\/v2\/pages\/22","targetHints":{"allow":["GET"]}}],"collection":[{"href":"https:\/\/gilazoia.com\/pt\/wp-json\/wp\/v2\/pages"}],"about":[{"href":"https:\/\/gilazoia.com\/pt\/wp-json\/wp\/v2\/types\/page"}],"author":[{"embeddable":true,"href":"https:\/\/gilazoia.com\/pt\/wp-json\/wp\/v2\/users\/1"}],"replies":[{"embeddable":true,"href":"https:\/\/gilazoia.com\/pt\/wp-json\/wp\/v2\/comments?post=22"}],"version-history":[{"count":3,"href":"https:\/\/gilazoia.com\/pt\/wp-json\/wp\/v2\/pages\/22\/revisions"}],"predecessor-version":[{"id":410,"href":"https:\/\/gilazoia.com\/pt\/wp-json\/wp\/v2\/pages\/22\/revisions\/410"}],"wp:attachment":[{"href":"https:\/\/gilazoia.com\/pt\/wp-json\/wp\/v2\/media?parent=22"}],"curies":[{"name":"wp","href":"https:\/\/api.w.org\/{rel}","templated":true}]}}