{"id":207,"date":"2017-01-08T18:27:19","date_gmt":"2017-01-08T18:27:19","guid":{"rendered":"http:\/\/gilazoia.com\/pt\/?page_id=207"},"modified":"2017-01-08T19:00:22","modified_gmt":"2017-01-08T19:00:22","slug":"cookies","status":"publish","type":"page","link":"https:\/\/gilazoia.com\/pt\/cookies\/","title":{"rendered":"Cookies"},"content":{"rendered":"<div id=\"pl-207\"  class=\"panel-layout\" ><div id=\"pg-207-0\"  class=\"panel-grid panel-has-style\" ><div class=\"lsow-row siteorigin-panels-stretch panel-row-style panel-row-style-for-207-0\" data-stretch-type=\"full-stretched\" ><div id=\"pgc-207-0-0\"  class=\"panel-grid-cell\" ><div id=\"panel-207-0-0-0\" class=\"so-panel widget widget_sow-layout-slider panel-first-child panel-last-child\" data-index=\"0\" ><div\n\t\t\t\n\t\t\tclass=\"so-widget-sow-layout-slider so-widget-sow-layout-slider-default-518cc6e76bd8-207\"\n\t\t\t\n\t\t>\t\t\t\t<div class=\"sow-slider-base\" style=\"display: none\" tabindex=\"0\">\n\t\t\t\t\t<ul\n\t\t\t\t\tclass=\"sow-slider-images\"\n\t\t\t\t\tdata-settings=\"{&quot;pagination&quot;:true,&quot;speed&quot;:800,&quot;timeout&quot;:8000,&quot;paused&quot;:false,&quot;pause_on_hover&quot;:false,&quot;swipe&quot;:true,&quot;nav_always_show_desktop&quot;:&quot;&quot;,&quot;nav_always_show_mobile&quot;:&quot;&quot;,&quot;breakpoint&quot;:&quot;780px&quot;,&quot;unmute&quot;:false,&quot;anchor&quot;:null}\"\n\t\t\t\t\t\t\t\t\t\tdata-anchor-id=\"\"\n\t\t\t\t>\t\t<li class=\"sow-slider-image  sow-slider-image-cover\" style=\"visibility: visible;;background-color: #adadad\" >\n\t\t\t\t\t<div class=\"sow-slider-image-container\">\n\t\t\t<div class=\"sow-slider-image-wrapper\">\n\t\t\t\t<div id=\"pl-w9cf3c9c5\"  class=\"panel-layout\" ><div id=\"pg-w9cf3c9c5-0\"  class=\"panel-grid panel-no-style\" ><div id=\"pgc-w9cf3c9c5-0-0\"  class=\"panel-grid-cell panel-grid-cell-empty\" ><\/div><div id=\"pgc-w9cf3c9c5-0-1\"  class=\"panel-grid-cell\" ><div id=\"panel-w9cf3c9c5-0-1-0\" class=\"so-panel widget widget_sow-headline panel-first-child panel-last-child\" data-index=\"0\" ><div class=\"panel-widget-style panel-widget-style-for-w9cf3c9c5-0-1-0\" ><div\n\t\t\t\n\t\t\tclass=\"so-widget-sow-headline so-widget-sow-headline-default-23a69c6d0103-207 so-widget-fittext-wrapper\"\n\t\t\t data-fit-text-compressor=\"0.85\"\n\t\t><div class=\"sow-headline-container \">\n\t\t\t\t\t\t\t<h1 class=\"sow-headline\">\n\t\t\t\t\t\tCookies e Pol\u00edtica de Privacidade\t\t\t\t\t\t<\/h1>\n\t\t\t\t\t\t<\/div>\n<\/div><\/div><\/div><\/div><div id=\"pgc-w9cf3c9c5-0-2\"  class=\"panel-grid-cell\" ><div id=\"panel-w9cf3c9c5-0-2-0\" class=\"so-panel widget widget_sow-icon panel-first-child panel-last-child\" data-index=\"1\" ><div\n\t\t\t\n\t\t\tclass=\"so-widget-sow-icon so-widget-sow-icon-default-722bfa56a46f-207\"\n\t\t\t\n\t\t>\n<div class=\"sow-icon-container sow-icon\">\n\t\t\t<span class=\"sow-icon-ionicons\" data-sow-icon=\"&#xf378;\"\n\t\t \n\t\taria-hidden=\"true\"><\/span>\t<\/div>\n<\/div><\/div><\/div><\/div><\/div>\t\t\t<\/div>\n\t\t<\/div>\n\t\t<div class=\"sow-slider-image-overlay sow-slider-image-cover\" style=\"opacity: 0.41;background-image: url(https:\/\/gilazoia.com\/pt\/wp-content\/uploads\/dark-blur-blurred-gradient.jpg)\"  ><\/div>\t\t<\/li>\n\t\t<\/ul>\t\t\t\t<ol class=\"sow-slider-pagination\">\n\t\t\t\t\t\t\t\t\t\t\t<li><a href=\"#\" data-goto=\"0\" aria-label=\"Display slide 1\"><\/a><\/li>\n\t\t\t\t\t\t\t\t\t<\/ol>\n\n\t\t\t\t<div class=\"sow-slide-nav sow-slide-nav-next\">\n\t\t\t\t\t<a href=\"#\" data-goto=\"next\" aria-label=\"Next slide\" data-action=\"next\">\n\t\t\t\t\t\t<em class=\"sow-sld-icon-thin-right\"><\/em>\n\t\t\t\t\t<\/a>\n\t\t\t\t<\/div>\n\n\t\t\t\t<div class=\"sow-slide-nav sow-slide-nav-prev\">\n\t\t\t\t\t<a href=\"#\" data-goto=\"previous\" aria-label=\"Previous slide\" data-action=\"prev\">\n\t\t\t\t\t\t<em class=\"sow-sld-icon-thin-left\"><\/em>\n\t\t\t\t\t<\/a>\n\t\t\t\t<\/div>\n\t\t\t\t<\/div><\/div><\/div><\/div><\/div><\/div><div id=\"pg-207-1\"  class=\"panel-grid panel-no-style\" ><div id=\"pgc-207-1-0\"  class=\"panel-grid-cell\" ><div id=\"panel-207-1-0-0\" class=\"so-panel widget widget_sow-editor panel-first-child panel-last-child\" data-index=\"1\" ><div\n\t\t\t\n\t\t\tclass=\"so-widget-sow-editor so-widget-sow-editor-base\"\n\t\t\t\n\t\t>\n<div class=\"siteorigin-widget-tinymce textwidget\">\n\t<h4>\u00a0<\/h4>\n<h4><strong>O que \u00e9 um Cookie?<\/strong><\/h4>\n<p>Os Cookies s\u00e3o ficheiros de texto enviados pelos sites de web que o utilizador visita e que s\u00e3o armazenados no teu computador. A informa\u00e7\u00e3o disponibilizada permite aumentar a efici\u00eancia dos sites de web, facilitando aos utilizadores o acesso \u00e0 informa\u00e7\u00e3o que procuram, eliminando a necessidade de introduzir repetidamente as mesmas informa\u00e7\u00f5es. Os Cookies n\u00e3o s\u00e3o utilizados para recolher informa\u00e7\u00f5es pessoais, apenas identificam o computador utilizado.<\/p>\n<h4><strong>Para que servem os Cookies?<\/strong><\/h4>\n<p>Os cookies servem para ajudar a determinar a utilidade, interesse e o n\u00famero de utiliza\u00e7\u00f5es dos seus websites, permitindo uma navega\u00e7\u00e3o mais r\u00e1pida e eficiente, eliminando a necessidade de introduzir repetidamente as mesmas informa\u00e7\u00f5es.<\/p>\n<h4><strong>Que tipo de Cookies utilizamos?<\/strong><\/h4>\n<p>Cookies estritamente necess\u00e1rios que permitem que navegue no website e utilize as suas aplica\u00e7\u00f5es, bem como aceder a \u00e1reas seguras do website. Sem estes cookies, os servi\u00e7os que tenha requerido n\u00e3o podem ser prestados. Cookies Anal\u00edticos \u2013 S\u00e3o utilizados anonimamente tendo como objetivo recolher informa\u00e7\u00f5es sobre a forma como o site Web \u00e9 utilizado. Servem para efeitos de cria\u00e7\u00e3o e an\u00e1lise de estat\u00edsticas.<\/p>\n<h4><strong>Controlo de Cookies<\/strong><\/h4>\n<p>Em todos browsers \u00e9 permitido ter algum controlo sobre os cookies atrav\u00e9s da op\u00e7\u00e3o defini\u00e7\u00f5es. Atrav\u00e9s destas poder\u00e1s aceitar, recusar ou apagar cookies. Contudo, ao rejeitar a utiliza\u00e7\u00e3o dos cookies, podes impedir que alguns servi\u00e7os deixem de funcionar corretamente, deixando assim a utiliza\u00e7\u00e3o do site web parcial ou totalmente afetada.<\/p>\n<h4><strong>Como podes gerir os cookies?<\/strong><\/h4>\n<p>Todos os browsers permitem ao utilizador aceitar, recusar ou apagar cookies, nomeadamente atrav\u00e9s da sele\u00e7\u00e3o das defini\u00e7\u00f5es apropriadas no respetivo navegador. Podes configurar os cookies no menu \u201cop\u00e7\u00f5es\u201d ou \u201cprefer\u00eancias\u201d do seu browser. Ao rejeitar a utiliza\u00e7\u00e3o dos cookies, podes impedir que alguns servi\u00e7os deixem de funcionar corretamente, deixando assim a utiliza\u00e7\u00e3o do site web parcial ou totalmente afetada.<\/p>\n<h4><strong>Pol\u00edtica de Privacidade<\/strong><\/h4>\n<p>Todas as informa\u00e7\u00f5es recolhidas em<strong> gilazoia.com<\/strong> s\u00e3o utilizadas para melhorar o servi\u00e7o e facilitar a navega\u00e7\u00e3o por parte do utilizador. Todas as disposi\u00e7\u00f5es em mat\u00e9ria de prote\u00e7\u00e3o de dados \u00e9 garantida, assegurando desta forma a melhor rela\u00e7\u00e3o com os utilizadores.<\/p>\n<\/div>\n<\/div><\/div><\/div><\/div><\/div>","protected":false},"excerpt":{"rendered":"<p>\u00a0O que \u00e9 um Cookie?Os Cookies s\u00e3o ficheiros de texto enviados pelos sites de web que o utilizador visita e que s\u00e3o armazenados no teu computador. A informa\u00e7\u00e3o disponibilizada permite aumentar a efici\u00eancia dos sites de web, facilitando aos utilizadores o acesso \u00e0 informa\u00e7\u00e3o que procuram, eliminando a necessidade de introduzir repetidamente as mesmas informa\u00e7\u00f5es. [&hellip;]<\/p>\n","protected":false},"author":1,"featured_media":0,"parent":0,"menu_order":0,"comment_status":"closed","ping_status":"closed","template":"home-panels.php","meta":{"_exactmetrics_skip_tracking":false,"_exactmetrics_sitenote_active":false,"_exactmetrics_sitenote_note":"","_exactmetrics_sitenote_category":0,"footnotes":""},"class_list":["post-207","page","type-page","status-publish","hentry","post"],"_links":{"self":[{"href":"https:\/\/gilazoia.com\/pt\/wp-json\/wp\/v2\/pages\/207","targetHints":{"allow":["GET"]}}],"collection":[{"href":"https:\/\/gilazoia.com\/pt\/wp-json\/wp\/v2\/pages"}],"about":[{"href":"https:\/\/gilazoia.com\/pt\/wp-json\/wp\/v2\/types\/page"}],"author":[{"embeddable":true,"href":"https:\/\/gilazoia.com\/pt\/wp-json\/wp\/v2\/users\/1"}],"replies":[{"embeddable":true,"href":"https:\/\/gilazoia.com\/pt\/wp-json\/wp\/v2\/comments?post=207"}],"version-history":[{"count":4,"href":"https:\/\/gilazoia.com\/pt\/wp-json\/wp\/v2\/pages\/207\/revisions"}],"predecessor-version":[{"id":228,"href":"https:\/\/gilazoia.com\/pt\/wp-json\/wp\/v2\/pages\/207\/revisions\/228"}],"wp:attachment":[{"href":"https:\/\/gilazoia.com\/pt\/wp-json\/wp\/v2\/media?parent=207"}],"curies":[{"name":"wp","href":"https:\/\/api.w.org\/{rel}","templated":true}]}}